{"id":102,"date":"2019-10-29T21:24:48","date_gmt":"2019-10-29T21:24:48","guid":{"rendered":"http:\/\/gammacustoms.com\/index.php\/mesmerize\/"},"modified":"2019-11-15T00:12:49","modified_gmt":"2019-11-15T00:12:49","slug":"mesmerize","status":"publish","type":"page","link":"https:\/\/gammacustoms.com\/","title":{"rendered":"Front Page"},"content":{"rendered":"<div  id=\"overlappable-4\" style=\"background-color: rgb(255, 255, 255); background-image: none;\" data-label=\"Overlappable\" data-id=\"overlappable-4\" data-export-id=\"overlappable-4\" data-category=\"overlappable\" class=\"overlappable-4 content-section content-section-spacing\" data-overlap=\"true\"><div  class=\"gridContainer\"> <div  data-type=\"row\" class=\"row spaced-cols text-center\"><div  class=\"col-xs-12 col-sm-4 col-padding\"> <i  class=\"fa icon shadow-large-black aligncenter color1 fa-hand-paper-o reverse round large\"><\/i> <div  data-type=\"column\" class=\"\"> <h5  class=\"\">COMPROMISO<\/h5> <p  class=\"\">Cumplimos con lo que prometemos. En Gamma Customs consideramos primordial el trabajo bien hecho.<\/p><\/div> <\/div>  <div  class=\"col-xs-12 col-sm-4 col-padding\"> <i  class=\"fa icon shadow-large-black aligncenter color1 fa-universal-access reverse round large\"><\/i> <div  data-type=\"column\" class=\"\"> <h5  class=\"\">INTEGRIDAD<\/h5> <p  class=\"\">Somos una empresa integral, fundamentada en principios y valores, por lo cual actuamos dentro de los m\u00e1s rigurosos principios \u00e9ticos y legales.<\/p><\/div> <\/div><div  class=\"col-xs-12 col-sm-4 col-padding\"> <i  class=\"fa icon shadow-large-black aligncenter color1 fa-black-tie reverse round large\"><\/i> <div  data-type=\"column\" class=\"\"> <h5  class=\"\">RESPONSABILIDAD CORPORATIVA<\/h5> <p  class=\"\">Brindamos una atenci\u00f3n integral encaminada a lograr cumplir las expectativas de nuestros clientes. Siempre cumpliendo con las leyes y reglamentos de las autoridades correspondientes.<\/p><\/div> <\/div><\/div> <\/div><\/div><div  id=\"about-1\" style=\"background-color: #f5fafd;\" data-label=\"About\" data-id=\"about-1\" data-export-id=\"about-1\" data-category=\"about\" class=\"about-1 content-section\"><div  class=\"gridContainer\"> <div  class=\"row text-center\"><div  class=\"section-title-col\" data-type=\"column\">  <h2  class=\"\">\u201cEl comercio internacional ha cambiado el mundo\u201d<\/h2> <p  class=\"lead\">Tenemos como prioridad dar un seguimiento puntual a nuestras operaciones de comercio exterior<\/p><\/div> <\/div> <div  class=\"row\"> <div  class=\"button-holder space-bottom space-bottom-small\" data-type=\"column\"> <a  class=\"button color1\" href=\"https:\/\/gammacustoms.com\/index.php\/contacto\" target=\"_self\" data-cp-link=\"1\">CONT\u00c1CTANOS<\/a><\/div> <div  class=\"col-xs bottom-xs flexbox image-group-bottom-3-img space-bottom-xs center-xs\"> <img decoding=\"async\"  class=\"left-img shadow-large-black\" data-size=\"500x300\" src=\"https:\/\/gammacustoms.com\/wp-content\/uploads\/2019\/11\/cropped-cropped-comercio-internacional-2-3.jpg\" alt=\"\" title=\"cropped-cropped-comercio-internacional-2-3.jpg\"> <img decoding=\"async\"  class=\"center-img shadow-large-black\" data-size=\"500x300\" src=\"https:\/\/gammacustoms.com\/wp-content\/uploads\/2019\/11\/cropped-consultorescomercio1.png\" alt=\"\" title=\"cropped-consultorescomercio1\"> <img decoding=\"async\"  class=\"right-img shadow-large-black\" data-size=\"500x300\" src=\"https:\/\/gammacustoms.com\/wp-content\/uploads\/2019\/11\/cropped-cropped-tramites-para-construccion-1.jpg\" alt=\"\" title=\"cropped-cropped-tramites-para-construccion-1.jpg\"><\/div> <\/div><\/div> <\/div><div  id=\"features-3\" style=\"background-color: #ffffff;\" data-label=\"Features\" data-id=\"features-12-card-bordered\" data-export-id=\"features-12-card-bordered\" data-category=\"features\" class=\"features-12-card-bordered content-section content-section-spacing \"><div  class=\"gridContainer\"> <div  class=\"row text-center\"><div  class=\"section-title-col\" data-type=\"column\"> <h2  class=\"\">\u00bfEn qu\u00e9 nos especializamos?<\/h2> <p  class=\"lead\">Contamos con m\u00e1s de 11 a\u00f1os de experiencia en comercio exterior, tratando temas de importaci\u00f3n y exportaci\u00f3n.<\/p><\/div> <\/div> <div  class=\"row spaced-cols\" data-type=\"row\"> <div  class=\"col-sm-6\"> <div  class=\"card row-card bordered y-move\"> <div  class=\"row\"> <div  class=\"col-sm-fit icon-column\"> <i  class=\"fa icon color2 fa-cogs bordered round\"><\/i> <\/div> <div  class=\"col-sm\" data-type=\"column\"> <h5  class=\"color2\">LOG\u00cdSTICA DE OPERACIONES<\/h5> <p  class=\"\">Planeaci\u00f3n y operaci\u00f3n de la log\u00edstica nacional e internacional, en la cual buscamos reducir y dar el mejor costo para entregar la mercanc\u00eda en tiempo y forma.<\/p><\/div> <\/div><\/div> <\/div> <div  class=\"col-sm-6\"> <div  class=\"card row-card bordered y-move\"> <div  class=\"row\"> <div  class=\"col-sm-fit icon-column\"> <i  class=\"fa icon color2 fa-cube bordered round\"><\/i> <\/div> <div  class=\"col-sm\" data-type=\"column\"> <h5  class=\"color2\">COMERCIO NACIONAL E INTERNACIONAL<\/h5> <p  class=\"\">Trabajamos bajo un esquema de anticipaci\u00f3n en las importaciones para evitar el retraso de la entrada de mercanc\u00eda o problemas para el ingreso de la misma al pa\u00eds.<\/p><\/div> <\/div><\/div> <\/div> <div  class=\"col-sm-6\"> <div  class=\"card row-card bordered y-move\"> <div  class=\"row\"> <div  class=\"col-sm-fit icon-column\"> <i  class=\"fa icon color2 fa-suitcase bordered round\"><\/i> <\/div> <div  class=\"col-sm\" data-type=\"column\"> <h5  class=\"color2\">TR\u00c1MITES<\/h5> <p  class=\"\">Nos enfocamos en el desarrollo de distribuidores de la industria automotriz, somos especialistas en la gesti\u00f3n de tr\u00e1mites, realizando el Registro en el Padr\u00f3n de Sujetos Obligados y Glosario de T\u00e9rminos ante el Registro P\u00fablico Vehicular (REPUVE),&nbsp; as\u00ed como el Registro de Claves Vehiculares ante la Secretaria de Hacienda y Cr\u00e9dito P\u00fablico (SHCP).&nbsp;&nbsp;<\/p><\/div> <\/div><\/div> <\/div> <div  class=\"col-sm-6\"> <div  class=\"card row-card bordered y-move\"> <div  class=\"row\"> <div  class=\"col-sm-fit icon-column\"> <i  class=\"fa icon color2 fa-connectdevelop bordered round\"><\/i> <\/div> <div  class=\"col-sm\" data-type=\"column\"> <h5  class=\"color2\">ASESORIA<\/h5> <p  class=\"\">Asesoria en tr\u00e1mites y permisos que requiere la autoridad aduanera para agilizar el desaduanamiento de la mercanc\u00eda<\/p><\/div> <\/div><\/div> <\/div><\/div> <\/div><\/div><div  id=\"content-13\" style=\"background-color: #f5fafd;\" data-label=\"Content\" data-id=\"content-2\" data-export-id=\"content-2\" data-category=\"content\" class=\"content-2 content-section content-section-spacing\"><div > <div  class=\"row middle-xs\"><div  class=\"col-sm-5 bg-image shadow-large-black\" data-bg=\"image\" style=\"background-image: url(&quot;https:\/\/gammacustoms.com\/wp-content\/uploads\/2019\/11\/cropped-images-1-1.jpg&quot;);\"><\/div> <div  class=\"col-sm-7 full-col-left-padding full-col-right-padding\"> <div  class=\"row\"> <div  data-type=\"column\" class=\"space-bottom-small content-title-col\">  <h2  class=\"\">El Secreto de Nuestro \u00c9xito<\/h2> <p  class=\"\">En Gamma Customs contamos con m\u00e1s de 10 a\u00f1os de experiencia en temas de comercio exterior.<\/p><\/div> <\/div> <div  class=\"row spaced-cols \" data-type=\"row\"> <div  class=\"col-xs-6\" data-type=\"column\"> <h5  class=\"\">PROFESIONALISMO<\/h5> <p  class=\"\">Nos rige un c\u00f3digo de compromiso y responsabilidad hacia nuestros clientes, cumpliendo con los objetivos de los mismos.<\/p><\/div> <div  class=\"col-xs-6\" data-type=\"column\"><h5  class=\"\">ASESOR\u00cdAS<\/h5> <p  class=\"\">Asesoramos a nuestros clientes en cada paso del proceso de importaci\u00f3n a inclusive despu\u00e9s de terminado el proceso.<\/p><\/div>   <\/div><\/div> <\/div><\/div> <\/div>","protected":false},"excerpt":{"rendered":"<p>COMPROMISO Cumplimos con lo que prometemos. En Gamma Customs consideramos primordial el trabajo bien hecho. INTEGRIDAD Somos una empresa integral, fundamentada en principios y valores, por lo cual actuamos dentro de los m\u00e1s rigurosos principios \u00e9ticos y legales. RESPONSABILIDAD CORPORATIVA Brindamos una atenci\u00f3n integral encaminada a lograr cumplir las expectativas de nuestros clientes. Siempre cumpliendo&hellip; <br \/> <a class=\"read-more\" href=\"https:\/\/gammacustoms.com\/\">Read more<\/a><\/p>\n","protected":false},"author":2,"featured_media":0,"parent":0,"menu_order":0,"comment_status":"closed","ping_status":"closed","template":"page-templates\/homepage.php","meta":{"footnotes":""},"class_list":["post-102","page","type-page","status-publish","hentry"],"_links":{"self":[{"href":"https:\/\/gammacustoms.com\/index.php\/wp-json\/wp\/v2\/pages\/102","targetHints":{"allow":["GET"]}}],"collection":[{"href":"https:\/\/gammacustoms.com\/index.php\/wp-json\/wp\/v2\/pages"}],"about":[{"href":"https:\/\/gammacustoms.com\/index.php\/wp-json\/wp\/v2\/types\/page"}],"author":[{"embeddable":true,"href":"https:\/\/gammacustoms.com\/index.php\/wp-json\/wp\/v2\/users\/2"}],"replies":[{"embeddable":true,"href":"https:\/\/gammacustoms.com\/index.php\/wp-json\/wp\/v2\/comments?post=102"}],"version-history":[{"count":23,"href":"https:\/\/gammacustoms.com\/index.php\/wp-json\/wp\/v2\/pages\/102\/revisions"}],"predecessor-version":[{"id":204,"href":"https:\/\/gammacustoms.com\/index.php\/wp-json\/wp\/v2\/pages\/102\/revisions\/204"}],"wp:attachment":[{"href":"https:\/\/gammacustoms.com\/index.php\/wp-json\/wp\/v2\/media?parent=102"}],"curies":[{"name":"wp","href":"https:\/\/api.w.org\/{rel}","templated":true}]}}